{"id":7798,"date":"2022-02-25T12:01:55","date_gmt":"2022-02-25T17:01:55","guid":{"rendered":"https:\/\/golfarundel.com\/adhesion-saisonniere\/"},"modified":"2026-02-23T12:40:12","modified_gmt":"2026-02-23T17:40:12","slug":"adhesion-saisonniere","status":"publish","type":"page","link":"https:\/\/golfarundel.com\/fr\/adhesion-saisonniere\/","title":{"rendered":"Abonnement saisonnier"},"content":{"rendered":"\n<div class=\"wp-block-cover alignfull has-parallax  animated fadeIn delay0 duration5\" style=\"min-height:600px;aspect-ratio:unset;\"><div class=\"wp-block-cover__image-background wp-image-8015 has-parallax\" style=\"background-position:50% 50%;background-image:url(https:\/\/golfarundel.com\/wp-content\/uploads\/2025\/01\/2024-07-07-Golf-Arundel-5581.jpg)\"><\/div><span aria-hidden=\"true\" class=\"wp-block-cover__background has-background-dim-0 has-background-dim\" style=\"background-color:#6f6559\"><\/span><div class=\"wp-block-cover__inner-container is-layout-flow wp-block-cover-is-layout-flow\">\n<h1 class=\"wp-block-heading has-text-align-center has-white-color has-text-color\" id=\"seasonal-membership-rate-2022\"><strong>TAUX D&rsquo;ADH\u00c9SION SAISONNIER 2026<\/strong><\/h1>\n<\/div><\/div>\n\n\n\n<div style=\"height:50px\" aria-hidden=\"true\" class=\"wp-block-spacer\"><\/div>\n\n\n\n<div class=\"wp-block-jetpack-layout-grid alignfull column1-desktop-grid__span-6 column1-desktop-grid__start-4 column1-desktop-grid__row-1 column1-tablet-grid__span-8 column1-tablet-grid__row-1 column1-mobile-grid__span-4 column1-mobile-grid__row-1\">\n<div class=\"wp-block-jetpack-layout-grid-column  animated fadeInUp delay2 duration2 wp-block-jetpack-layout-grid__padding-none\">\n<h2 class=\"wp-block-heading has-text-align-center\" id=\"regular-membership\">Membres REGULIERS<\/h2>\n\n\n\n<figure class=\"wp-block-table is-style-stripes\"><table class=\"has-fixed-layout\"><thead><tr><th class=\"has-text-align-left\" data-align=\"left\"><\/th><th class=\"has-text-align-center\" data-align=\"center\">Cat\u00e9gorie<\/th><th class=\"has-text-align-center\" data-align=\"center\">Tarif pr\u00e9-saison<\/th><th class=\"has-text-align-center\" data-align=\"center\"><\/th><\/tr><\/thead><tbody><tr><td class=\"has-text-align-left\" data-align=\"left\">Individuel &#8211; 7 jours<\/td><td class=\"has-text-align-center\" data-align=\"center\">I7<\/td><td class=\"has-text-align-center\" data-align=\"center\">$2755<\/td><td class=\"has-text-align-center\" data-align=\"center\"><\/td><\/tr><tr><td class=\"has-text-align-left\" data-align=\"left\">Couple &#8211; 7 jours<\/td><td class=\"has-text-align-center\" data-align=\"center\">C7<\/td><td class=\"has-text-align-center\" data-align=\"center\">$5035<\/td><td class=\"has-text-align-center\" data-align=\"center\"><\/td><\/tr><tr><td class=\"has-text-align-left\" data-align=\"left\">Individuel &#8211; 5 jours<br>(hors vacances)<\/td><td class=\"has-text-align-center\" data-align=\"center\">IW5<\/td><td class=\"has-text-align-center\" data-align=\"center\">$2150<\/td><td class=\"has-text-align-center\" data-align=\"center\"><\/td><\/tr><tr><td class=\"has-text-align-left\" data-align=\"left\">Couple &#8211; 5 jours<br>(A l&rsquo;exclusion des jours f\u00e9ri\u00e9s)<\/td><td class=\"has-text-align-center\" data-align=\"center\">CW5<\/td><td class=\"has-text-align-center\" data-align=\"center\">$3850<\/td><td class=\"has-text-align-center\" data-align=\"center\"><\/td><\/tr><\/tbody><\/table><figcaption class=\"wp-element-caption\">*Tarif d&rsquo;avant-saison pay\u00e9 entre le 15 mars et le 15 avril<\/figcaption><\/figure>\n<\/div>\n<\/div>\n\n\n\n<p class=\"has-text-align-center has-small-font-size\"><em>Les prix ne comprennent pas les taxes et les frais suppl\u00e9mentaires. Sous r\u00e9serve de modifications sans pr\u00e9avis. <\/em><\/p>\n\n\n\n<div class=\"wp-block-buttons is-content-justification-center is-layout-flex wp-container-core-buttons-is-layout-16018d1d wp-block-buttons-is-layout-flex\">\n<div class=\"wp-block-button\"><a class=\"wp-block-button__link has-dark-green-background-color has-background wp-element-button\" href=\"https:\/\/golfarundel.com\/wp-content\/uploads\/2026\/02\/Contrat-dabonnement-Saison-2026.pdf\" target=\"_blank\" rel=\"noreferrer noopener\">T\u00e9l\u00e9charger le formulaire<\/a><\/div>\n<\/div>\n\n\n\n<div style=\"height:100px\" aria-hidden=\"true\" class=\"wp-block-spacer\"><\/div>\n\n\n\n<div class=\"wp-block-jetpack-layout-grid alignfull column1-desktop-grid__span-6 column1-desktop-grid__start-4 column1-desktop-grid__row-1 column1-tablet-grid__span-8 column1-tablet-grid__row-1 column1-mobile-grid__span-4 column1-mobile-grid__row-1\">\n<div class=\"wp-block-jetpack-layout-grid-column  animated fadeInUp delay4 duration2 wp-block-jetpack-layout-grid__padding-none\">\n<h2 class=\"wp-block-heading has-text-align-center\" id=\"senior-membership-65\">Abonnement SENIOR (65+)<\/h2>\n\n\n\n<figure class=\"wp-block-table is-style-stripes\"><table class=\"has-fixed-layout\"><thead><tr><th class=\"has-text-align-left\" data-align=\"left\"><\/th><th class=\"has-text-align-center\" data-align=\"center\">Cat\u00e9gorie<\/th><th class=\"has-text-align-center\" data-align=\"center\">Tarif pr\u00e9-saison<\/th><th class=\"has-text-align-center\" data-align=\"center\"><\/th><\/tr><\/thead><tbody><tr><td class=\"has-text-align-left\" data-align=\"left\">Individuel &#8211; 5 jours<br>(hors vacances)<\/td><td class=\"has-text-align-center\" data-align=\"center\">SI5<\/td><td class=\"has-text-align-center\" data-align=\"center\">$2070<\/td><td class=\"has-text-align-center\" data-align=\"center\"><\/td><\/tr><tr><td class=\"has-text-align-left\" data-align=\"left\">Couple &#8211; 5 jours<br>(A l&rsquo;exclusion des jours f\u00e9ri\u00e9s)<\/td><td class=\"has-text-align-center\" data-align=\"center\">SC5<\/td><td class=\"has-text-align-center\" data-align=\"center\">$3690<\/td><td class=\"has-text-align-center\" data-align=\"center\"><\/td><\/tr><\/tbody><\/table><figcaption class=\"wp-element-caption\">*Tarif d&rsquo;avant-saison pay\u00e9 entre le 15 mars et le 15 avril<\/figcaption><\/figure>\n<\/div>\n<\/div>\n\n\n\n<p class=\"has-text-align-center has-small-font-size\"><em>Les membres seniors doivent joindre une copie d&rsquo;un document (carte d&rsquo;assurance maladie&#8230;) comme preuve d&rsquo;\u00e2ge.<br>Les prix n&rsquo;incluent pas les taxes et les frais suppl\u00e9mentaires. Ils peuvent \u00eatre modifi\u00e9s sans pr\u00e9avis. <\/em><\/p>\n\n\n\n<div class=\"wp-block-buttons is-content-justification-center is-layout-flex wp-container-core-buttons-is-layout-16018d1d wp-block-buttons-is-layout-flex\">\n<div class=\"wp-block-button\"><a class=\"wp-block-button__link has-dark-green-background-color has-background wp-element-button\" href=\"https:\/\/golfarundel.com\/wp-content\/uploads\/2026\/02\/Contrat-dabonnement-Saison-2026.pdf\" target=\"_blank\" rel=\"noreferrer noopener\">T\u00e9l\u00e9charger le formulaire<\/a><\/div>\n<\/div>\n\n\n\n<div style=\"height:100px\" aria-hidden=\"true\" class=\"wp-block-spacer\"><\/div>\n\n\n\n<div class=\"wp-block-jetpack-layout-grid alignfull column1-desktop-grid__span-6 column1-desktop-grid__start-4 column1-desktop-grid__row-1 column1-tablet-grid__span-8 column1-tablet-grid__row-1 column1-mobile-grid__span-4 column1-mobile-grid__row-1\">\n<div class=\"wp-block-jetpack-layout-grid-column  animated fadeInUp delay4 duration2 wp-block-jetpack-layout-grid__padding-none\">\n<h2 class=\"wp-block-heading has-text-align-center\" id=\"senior-membership-65\">Abonnement des \u00e9tudiants<\/h2>\n\n\n\n<figure class=\"wp-block-table is-style-stripes\"><table class=\"has-fixed-layout\"><thead><tr><th class=\"has-text-align-left\" data-align=\"left\"><\/th><th class=\"has-text-align-center\" data-align=\"center\">Cat\u00e9gorie<\/th><th class=\"has-text-align-center\" data-align=\"center\">Tarif pr\u00e9-saison<\/th><th class=\"has-text-align-center\" data-align=\"center\"><\/th><\/tr><\/thead><tbody><tr><td class=\"has-text-align-left\" data-align=\"left\">Individuel &#8211; 5 jours<br>(hors vacances)<\/td><td class=\"has-text-align-center\" data-align=\"center\">E5<\/td><td class=\"has-text-align-center\" data-align=\"center\">$2070<\/td><td class=\"has-text-align-center\" data-align=\"center\"><\/td><\/tr><\/tbody><\/table><figcaption class=\"wp-element-caption\">*Tarif d&rsquo;avant-saison pay\u00e9 entre le 15 mars et le 15 avril<\/figcaption><\/figure>\n<\/div>\n<\/div>\n\n\n\n<p class=\"has-text-align-center has-small-font-size\"><em>Les \u00e9tudiants doivent joindre une copie de leur carte d&rsquo;\u00e9tudiant en cours de validit\u00e9.<br>Les prix n&rsquo;incluent pas les taxes et les frais suppl\u00e9mentaires. Ils peuvent \u00eatre modifi\u00e9s sans pr\u00e9avis. <\/em><\/p>\n\n\n\n<div class=\"wp-block-buttons is-content-justification-center is-layout-flex wp-container-core-buttons-is-layout-16018d1d wp-block-buttons-is-layout-flex\">\n<div class=\"wp-block-button\"><a class=\"wp-block-button__link has-dark-green-background-color has-background wp-element-button\" href=\"https:\/\/golfarundel.com\/wp-content\/uploads\/2026\/02\/Contrat-dabonnement-Saison-2026.pdf\" target=\"_blank\" rel=\"noreferrer noopener\">T\u00e9l\u00e9charger le formulaire<\/a><\/div>\n<\/div>\n\n\n\n<div style=\"height:100px\" aria-hidden=\"true\" class=\"wp-block-spacer\"><\/div>\n\n\n\n<div class=\"wp-block-jetpack-layout-grid alignfull column1-desktop-grid__span-6 column1-desktop-grid__start-4 column1-desktop-grid__row-1 column1-tablet-grid__span-8 column1-tablet-grid__row-1 column1-mobile-grid__span-4 column1-mobile-grid__row-1\">\n<div class=\"wp-block-jetpack-layout-grid-column  animated fadeInUp delay6 duration2 wp-block-jetpack-layout-grid__padding-none\">\n<h2 class=\"wp-block-heading has-text-align-center\" id=\"junior-membership-18-under\">Membre junior (18 ans et moins)<\/h2>\n\n\n\n<figure class=\"wp-block-table is-style-stripes\"><table class=\"has-fixed-layout\"><thead><tr><th class=\"has-text-align-left\" data-align=\"left\"><\/th><th class=\"has-text-align-center\" data-align=\"center\">Cat\u00e9gorie<\/th><th class=\"has-text-align-center\" data-align=\"center\">Tarif pr\u00e9-saison<\/th><th><\/th><\/tr><\/thead><tbody><tr><td class=\"has-text-align-left\" data-align=\"left\">Individuel &#8211; 7 jours<\/td><td class=\"has-text-align-center\" data-align=\"center\">J7<\/td><td class=\"has-text-align-center\" data-align=\"center\">$730<\/td><td><\/td><\/tr><tr><td class=\"has-text-align-left\" data-align=\"left\">Individuel &#8211; 5 jours<br>(hors vacances)<\/td><td class=\"has-text-align-center\" data-align=\"center\">J5<\/td><td class=\"has-text-align-center\" data-align=\"center\">$590<\/td><td><\/td><\/tr><\/tbody><\/table><figcaption class=\"wp-element-caption\">*Tarif d&rsquo;avant-saison pay\u00e9 entre le 15 mars et le 15 avril<\/figcaption><\/figure>\n<\/div>\n<\/div>\n\n\n\n<p class=\"has-text-align-center has-small-font-size\">Les membres juniors doivent joindre une copie d&rsquo;un document (carte d&rsquo;assurance maladie&#8230;) comme preuve d&rsquo;\u00e2ge.<br>Apr\u00e8s 13h, hors vacances<br><em>Les prix ne comprennent pas les taxes et les frais suppl\u00e9mentaires. Sous r\u00e9serve de modifications sans pr\u00e9avis. <\/em><\/p>\n\n\n\n<div class=\"wp-block-buttons is-content-justification-center is-layout-flex wp-container-core-buttons-is-layout-16018d1d wp-block-buttons-is-layout-flex\">\n<div class=\"wp-block-button\"><a class=\"wp-block-button__link has-dark-green-background-color has-background wp-element-button\" href=\"https:\/\/golfarundel.com\/wp-content\/uploads\/2026\/02\/Contrat-dabonnement-Saison-2026.pdf\" target=\"_blank\" rel=\"noreferrer noopener\">T\u00e9l\u00e9charger le formulaire<\/a><\/div>\n<\/div>\n\n\n\n<div style=\"height:100px\" aria-hidden=\"true\" class=\"wp-block-spacer\"><\/div>\n\n\n\n<div class=\"wp-block-jetpack-layout-grid alignfull column1-desktop-grid__span-6 column1-desktop-grid__start-4 column1-desktop-grid__row-1 column1-tablet-grid__span-8 column1-tablet-grid__row-1 column1-mobile-grid__span-4 column1-mobile-grid__row-1\">\n<div class=\"wp-block-jetpack-layout-grid-column  animated fadeInUp delay8 duration2 wp-block-jetpack-layout-grid__padding-none\">\n<h2 class=\"wp-block-heading has-text-align-center\" id=\"twilight-membership\">Abonnement sp\u00e9cial Twilight<\/h2>\n\n\n\n<figure class=\"wp-block-table is-style-stripes\"><table class=\"has-fixed-layout\"><thead><tr><th class=\"has-text-align-left\" data-align=\"left\"><\/th><th class=\"has-text-align-center\" data-align=\"center\">Cat\u00e9gorie<\/th><th class=\"has-text-align-center\" data-align=\"center\">Tarif<\/th><th><\/th><\/tr><\/thead><tbody><tr><td class=\"has-text-align-left\" data-align=\"left\">Individuel &#8211; 7 jours<br>(hors vacances)<\/td><td class=\"has-text-align-center\" data-align=\"center\">T7I<\/td><td class=\"has-text-align-center\" data-align=\"center\">$1525<\/td><td><\/td><\/tr><tr><td class=\"has-text-align-left\" data-align=\"left\">Individuel &#8211; 5 jours<br>(hors vacances)<\/td><td class=\"has-text-align-center\" data-align=\"center\">T5I<\/td><td class=\"has-text-align-center\" data-align=\"center\">$1155<\/td><td><\/td><\/tr><\/tbody><\/table><\/figure>\n<\/div>\n<\/div>\n\n\n\n<p class=\"has-text-align-center has-small-font-size\">Apr\u00e8s 15h, hors jours f\u00e9ri\u00e9s<br><em>Les prix ne comprennent pas les taxes et les frais suppl\u00e9mentaires. Sous r\u00e9serve de modifications sans pr\u00e9avis. <\/em><\/p>\n\n\n\n<div class=\"wp-block-buttons is-content-justification-center is-layout-flex wp-container-core-buttons-is-layout-16018d1d wp-block-buttons-is-layout-flex\">\n<div class=\"wp-block-button\"><a class=\"wp-block-button__link has-dark-green-background-color has-background wp-element-button\" href=\"https:\/\/golfarundel.com\/wp-content\/uploads\/2026\/02\/Contrat-dabonnement-Saison-2026.pdf\" target=\"_blank\" rel=\"noreferrer noopener\">T\u00e9l\u00e9charger le formulaire<\/a><\/div>\n<\/div>\n\n\n\n<div style=\"height:100px\" aria-hidden=\"true\" class=\"wp-block-spacer\"><\/div>\n","protected":false},"excerpt":{"rendered":"<p>Membres REGULIERS Cat\u00e9gorie Tarif pr\u00e9-saison Individuel &#8211; 7 jours I7 $2755 Couple &#8211; 7 jours C7 $5035 Individuel &#8211; 5 jours(hors vacances) IW5 $2150 Couple &#8211; 5 jours(A l&rsquo;exclusion des jours f\u00e9ri\u00e9s) CW5 $3850 *Tarif d&rsquo;avant-saison pay\u00e9 entre le 15 mars et le 15 avril Les prix ne comprennent pas les taxes et les frais &hellip; <a href=\"https:\/\/golfarundel.com\/fr\/adhesion-saisonniere\/\" class=\"more-link\">Lire la suite <span class=\"screen-reader-text\">Abonnement saisonnier<\/span><\/a><\/p>\n","protected":false},"author":212013319,"featured_media":0,"parent":0,"menu_order":0,"comment_status":"closed","ping_status":"closed","template":"","meta":{"advanced_seo_description":"","jetpack_seo_html_title":"","jetpack_seo_noindex":false,"jetpack_post_was_ever_published":true,"footnotes":""},"class_list":["post-7798","page","type-page","status-publish","hentry"],"featured_image_src":null,"jetpack_likes_enabled":true,"jetpack_sharing_enabled":true,"jetpack_shortlink":"https:\/\/wp.me\/PdA09l-21M","_links":{"self":[{"href":"https:\/\/golfarundel.com\/fr\/wp-json\/wp\/v2\/pages\/7798","targetHints":{"allow":["GET"]}}],"collection":[{"href":"https:\/\/golfarundel.com\/fr\/wp-json\/wp\/v2\/pages"}],"about":[{"href":"https:\/\/golfarundel.com\/fr\/wp-json\/wp\/v2\/types\/page"}],"author":[{"embeddable":true,"href":"https:\/\/golfarundel.com\/fr\/wp-json\/wp\/v2\/users\/212013319"}],"replies":[{"embeddable":true,"href":"https:\/\/golfarundel.com\/fr\/wp-json\/wp\/v2\/comments?post=7798"}],"version-history":[{"count":25,"href":"https:\/\/golfarundel.com\/fr\/wp-json\/wp\/v2\/pages\/7798\/revisions"}],"predecessor-version":[{"id":8621,"href":"https:\/\/golfarundel.com\/fr\/wp-json\/wp\/v2\/pages\/7798\/revisions\/8621"}],"wp:attachment":[{"href":"https:\/\/golfarundel.com\/fr\/wp-json\/wp\/v2\/media?parent=7798"}],"curies":[{"name":"wp","href":"https:\/\/api.w.org\/{rel}","templated":true}]}}