{"id":7780,"date":"2021-12-09T14:34:53","date_gmt":"2021-12-09T19:34:53","guid":{"rendered":"https:\/\/golfarundel.com\/a-propos-de\/"},"modified":"2024-12-10T14:03:45","modified_gmt":"2024-12-10T19:03:45","slug":"a-propos-de","status":"publish","type":"page","link":"https:\/\/golfarundel.com\/fr\/a-propos-de\/","title":{"rendered":"A propos de"},"content":{"rendered":"\n<div class=\"wp-block-cover alignfull is-light has-parallax animated fadeIn delay0 duration5\" style=\"min-height:600px;aspect-ratio:unset;\"><span aria-hidden=\"true\" class=\"wp-block-cover__background has-background-dim-0 has-background-dim\"><\/span><div role=\"img\" class=\"wp-block-cover__image-background wp-image-1562 has-parallax\" style=\"background-position:50% 50%;background-image:url(https:\/\/golfarundel.com\/wp-content\/uploads\/2022\/02\/2020-09-22-Club-De-Golf-Arundel-5700-HDR.jpg)\"><\/div><div class=\"wp-block-cover__inner-container is-layout-flow wp-block-cover-is-layout-flow\">\n<h1 class=\"wp-block-heading has-text-align-center has-white-color has-text-color\" id=\"about-us\">\u00c0 PROPOS DE NOUS<\/h1>\n<\/div><\/div>\n\n<div style=\"height:100px\" aria-hidden=\"true\" class=\"wp-block-spacer\"><\/div>\n\n<div class=\"wp-block-jetpack-layout-grid alignfull column1-desktop-grid__span-5 column1-desktop-grid__start-2 column1-desktop-grid__row-1 column2-desktop-grid__span-5 column2-desktop-grid__start-7 column2-desktop-grid__row-1 column1-tablet-grid__span-4 column1-tablet-grid__row-1 column2-tablet-grid__span-4 column2-tablet-grid__start-5 column2-tablet-grid__row-1 column1-mobile-grid__span-4 column1-mobile-grid__row-1 column2-mobile-grid__span-4 column2-mobile-grid__row-2\">\n<div class=\"wp-block-jetpack-layout-grid-column wp-block-jetpack-layout-grid__padding-none is-vertically-aligned-top\">\n<h1 class=\"wp-block-heading has-text-align-left\" id=\"golf-arundel\">Golf Arundel<\/h1>\n\n\n\n<p class=\"has-text-align-left\">En 1929, le Dr H.J. Silver et M. Chris Golden ont fond\u00e9 le premier club de golf d&rsquo;Arundel, appel\u00e9 Barkmere Golf Course. Des citoyens de Barkmere, Arundel et Montr\u00e9al ont achet\u00e9 des actions. \u00c0 l&rsquo;\u00e9poque, il fallait \u00eatre actionnaire pour pouvoir jouer sur le terrain. En 1941, le club a \u00e9t\u00e9 ferm\u00e9 et a rouvert en 1949. En 1954, le clubhouse a \u00e9t\u00e9 construit \u00e0 l&#8217;emplacement de l&rsquo;actuel septi\u00e8me green. Le pavillon a br\u00fbl\u00e9 \u00e0 l&rsquo;automne 1963 ; l&rsquo;ann\u00e9e suivante, sur le site actuel avec vue panoramique sur la Rivi\u00e8re Rouge, le pavillon actuel a \u00e9t\u00e9 construit. En 1987, la salle \u00e0 manger rustique a \u00e9t\u00e9 construite pour accueillir les groupes de tournoi.<\/p>\n<\/div>\n\n\n\n<div class=\"wp-block-jetpack-layout-grid-column wp-block-jetpack-layout-grid__padding-none is-vertically-aligned-top\"><div class=\"wp-block-image\">\n<figure class=\"aligncenter size-full is-resized\"><img data-recalc-dims=\"1\" loading=\"lazy\" decoding=\"async\" width=\"685\" height=\"514\" src=\"https:\/\/i0.wp.com\/golfarundel.com\/wp-content\/uploads\/2021\/12\/banniere1.jpg?resize=685%2C514&#038;ssl=1\" alt=\"\" class=\"wp-image-107\" style=\"width:581px;height:435px\"\/><\/figure>\n<\/div><\/div>\n<\/div>\n\n<div style=\"height:100px\" aria-hidden=\"true\" class=\"wp-block-spacer\"><\/div>\n\n<div class=\"wp-block-cover alignfull is-light has-parallax\" style=\"min-height:600px;aspect-ratio:unset;\"><span aria-hidden=\"true\" class=\"wp-block-cover__background has-background-dim-0 has-background-dim\"><\/span><div role=\"img\" class=\"wp-block-cover__image-background wp-image-1567 has-parallax\" style=\"background-position:50% 50%;background-image:url(https:\/\/golfarundel.com\/wp-content\/uploads\/2022\/02\/2020-10-14-Club-De-Golf-Arundel-1398.jpg)\"><\/div><div class=\"wp-block-cover__inner-container is-layout-flow wp-block-cover-is-layout-flow\">\n<p class=\"has-text-align-center has-large-font-size\"><\/p>\n<\/div><\/div>\n\n<div style=\"height:100px\" aria-hidden=\"true\" class=\"wp-block-spacer\"><\/div>\n\n<div class=\"wp-block-jetpack-layout-grid alignfull column1-desktop-grid__span-5 column1-desktop-grid__start-2 column1-desktop-grid__row-1 column2-desktop-grid__span-5 column2-desktop-grid__start-7 column2-desktop-grid__row-1 column1-tablet-grid__span-4 column1-tablet-grid__row-1 column2-tablet-grid__span-4 column2-tablet-grid__start-5 column2-tablet-grid__row-1 column1-mobile-grid__span-4 column1-mobile-grid__row-1 column2-mobile-grid__span-4 column2-mobile-grid__row-2\">\n<div class=\"wp-block-jetpack-layout-grid-column wp-block-jetpack-layout-grid__padding-none is-vertically-aligned-top\">\n<h1 class=\"wp-block-heading has-text-align-left\" id=\"dickie-moore\">Dickie Moore<\/h1>\n\n\n\n<p>Exemple de d\u00e9vouement et de d\u00e9termination, Dickie Moore savait qu&rsquo;il voulait jouer dans la LNH d\u00e8s ses premiers jours \u00e0 l&rsquo;\u00e9cole. Mais, contrairement \u00e0 la plupart des jeunes gar\u00e7ons \u00e9lev\u00e9s dans le quartier difficile de Parc Extension \u00e0 Montr\u00e9al, le jeune Richard Winston Moore ne r\u00eavait pas de porter le maillot du Canada &#8211; son club \u00e9tait le Canadien de Montr\u00e9al.<\/p>\n\n\n\n<p class=\"has-dark-green-color has-text-color\"><a href=\"https:\/\/www.nhl.com\/news\/dickie-moore-100-greatest-nhl-hockey-players-283935452\">En savoir plus<\/a><\/p>\n<\/div>\n\n\n\n<div class=\"wp-block-jetpack-layout-grid-column wp-block-jetpack-layout-grid__padding-none\"><div class=\"wp-block-image\">\n<figure class=\"aligncenter size-large\"><a href=\"https:\/\/youtu.be\/EDGoLQB0ehc\" target=\"_blank\" rel=\"noopener\"><img data-recalc-dims=\"1\" loading=\"lazy\" decoding=\"async\" width=\"685\" height=\"385\" src=\"https:\/\/i0.wp.com\/golfarundel.com\/wp-content\/uploads\/2022\/02\/dickie-moore-1.png?resize=685%2C385&#038;ssl=1\" alt=\"\" class=\"wp-image-1039\" srcset=\"https:\/\/i0.wp.com\/golfarundel.com\/wp-content\/uploads\/2022\/02\/dickie-moore-1.png?resize=1024%2C576&amp;ssl=1 1024w, https:\/\/i0.wp.com\/golfarundel.com\/wp-content\/uploads\/2022\/02\/dickie-moore-1.png?resize=300%2C169&amp;ssl=1 300w, https:\/\/i0.wp.com\/golfarundel.com\/wp-content\/uploads\/2022\/02\/dickie-moore-1.png?resize=768%2C432&amp;ssl=1 768w, https:\/\/i0.wp.com\/golfarundel.com\/wp-content\/uploads\/2022\/02\/dickie-moore-1.png?resize=685%2C385&amp;ssl=1 685w, https:\/\/i0.wp.com\/golfarundel.com\/wp-content\/uploads\/2022\/02\/dickie-moore-1.png?w=1079&amp;ssl=1 1079w\" sizes=\"auto, (max-width: 685px) 100vw, 685px\" \/><\/a><\/figure>\n<\/div><\/div>\n<\/div>\n","protected":false},"excerpt":{"rendered":"<p>Golf Arundel En 1929, le Dr H.J. Silver et M. Chris Golden ont fond\u00e9 le premier club de golf d&rsquo;Arundel, appel\u00e9 Barkmere Golf Course. Des citoyens de Barkmere, Arundel et Montr\u00e9al ont achet\u00e9 des actions. \u00c0 l&rsquo;\u00e9poque, il fallait \u00eatre actionnaire pour pouvoir jouer sur le terrain. En 1941, le club a \u00e9t\u00e9 ferm\u00e9 et &hellip; <a href=\"https:\/\/golfarundel.com\/fr\/a-propos-de\/\" class=\"more-link\">Lire la suite <span class=\"screen-reader-text\">A propos de<\/span><\/a><\/p>\n","protected":false},"author":212013339,"featured_media":0,"parent":0,"menu_order":1,"comment_status":"closed","ping_status":"closed","template":"","meta":{"advanced_seo_description":"","jetpack_seo_html_title":"","jetpack_seo_noindex":false,"jetpack_post_was_ever_published":true,"footnotes":""},"class_list":["post-7780","page","type-page","status-publish","hentry"],"featured_image_src":null,"jetpack_likes_enabled":true,"jetpack_sharing_enabled":true,"jetpack_shortlink":"https:\/\/wp.me\/PdA09l-21u","_links":{"self":[{"href":"https:\/\/golfarundel.com\/fr\/wp-json\/wp\/v2\/pages\/7780","targetHints":{"allow":["GET"]}}],"collection":[{"href":"https:\/\/golfarundel.com\/fr\/wp-json\/wp\/v2\/pages"}],"about":[{"href":"https:\/\/golfarundel.com\/fr\/wp-json\/wp\/v2\/types\/page"}],"author":[{"embeddable":true,"href":"https:\/\/golfarundel.com\/fr\/wp-json\/wp\/v2\/users\/212013339"}],"replies":[{"embeddable":true,"href":"https:\/\/golfarundel.com\/fr\/wp-json\/wp\/v2\/comments?post=7780"}],"version-history":[{"count":2,"href":"https:\/\/golfarundel.com\/fr\/wp-json\/wp\/v2\/pages\/7780\/revisions"}],"predecessor-version":[{"id":7793,"href":"https:\/\/golfarundel.com\/fr\/wp-json\/wp\/v2\/pages\/7780\/revisions\/7793"}],"wp:attachment":[{"href":"https:\/\/golfarundel.com\/fr\/wp-json\/wp\/v2\/media?parent=7780"}],"curies":[{"name":"wp","href":"https:\/\/api.w.org\/{rel}","templated":true}]}}