{"id":7776,"date":"2021-12-09T14:58:16","date_gmt":"2021-12-09T19:58:16","guid":{"rendered":"https:\/\/golfarundel.com\/evenements\/"},"modified":"2025-01-28T14:35:28","modified_gmt":"2025-01-28T19:35:28","slug":"evenements","status":"publish","type":"page","link":"https:\/\/golfarundel.com\/fr\/evenements\/","title":{"rendered":"\u00c9v\u00e9nements"},"content":{"rendered":"\n<div class=\"wp-block-cover alignfull is-light has-parallax\" style=\"min-height:600px;aspect-ratio:unset;\"><span aria-hidden=\"true\" class=\"wp-block-cover__background has-background-dim-0 has-background-dim\" style=\"background-color:#809492\"><\/span><div class=\"wp-block-cover__image-background wp-image-7993 has-parallax\" style=\"background-position:50% 50%;background-image:url(https:\/\/golfarundel.com\/wp-content\/uploads\/2025\/01\/2024-05-19-Golf-Arundel-1713.jpg)\"><\/div><div class=\"wp-block-cover__inner-container is-layout-flow wp-block-cover-is-layout-flow\">\n<p class=\"has-text-align-center has-large-font-size\"><\/p>\n<\/div><\/div>\n\n<div style=\"height:100px\" aria-hidden=\"true\" class=\"wp-block-spacer\"><\/div>\n\n<div class=\"wp-block-jetpack-layout-grid alignfull column1-desktop-grid__span-4 column1-desktop-grid__start-2 column1-desktop-grid__row-1 column2-desktop-grid__span-5 column2-desktop-grid__start-7 column2-desktop-grid__row-1 column1-tablet-grid__span-4 column1-tablet-grid__row-1 column2-tablet-grid__span-4 column2-tablet-grid__start-5 column2-tablet-grid__row-1 column1-mobile-grid__span-4 column1-mobile-grid__row-1 column2-mobile-grid__span-4 column2-mobile-grid__row-2 wp-block-jetpack-layout-gutter__nowrap wp-block-jetpack-layout-gutter__small\">\n<div class=\"wp-block-jetpack-layout-grid-column wp-block-jetpack-layout-grid__padding-none is-vertically-aligned-top\">\n<h1 class=\"wp-block-heading\" id=\"monday-mini-tournament\">Mini tournoi du lundi<\/h1>\n\n\n\n<p>\u00cates-vous un adepte du \u00ab\u00a0plaisir et de l&rsquo;excitation garantis\u00a0\u00bb ? Rejoignez-nous ensuite le lundi soir pour le \u00a0\u00bbmini-tournoi de Vegas\u00a0\u00bb au Arundel Golf Club !<br\/><br\/>&#8211; Format \u00a0\u00bb9 et d\u00eener\u00a0\u00bb.<br\/>&#8211; \u00c9quipes de 2 (form\u00e9es sur place de mani\u00e8re \u00e9quitable)<br\/>&#8211; Meilleure balle et syst\u00e8me de pointage<br\/>&#8211; D\u00eener servi \u00e0 20:00 (BBQ \u00e0 la discr\u00e9tion du chef)<br\/>&#8211; Prix de pr\u00e9sence en fin de soir\u00e9e<\/p>\n<\/div>\n\n\n\n<div class=\"wp-block-jetpack-layout-grid-column wp-block-jetpack-layout-grid__padding-none is-vertically-aligned-center\"><div class=\"wp-block-image is-style-default\">\n<figure class=\"aligncenter size-large\"><img data-recalc-dims=\"1\" loading=\"lazy\" decoding=\"async\" width=\"685\" height=\"457\" src=\"https:\/\/i0.wp.com\/golfarundel.com\/wp-content\/uploads\/2025\/01\/2024-05-19-Golf-Arundel-1030.jpg?resize=685%2C457&#038;ssl=1\" alt=\"\" class=\"wp-image-7991\" srcset=\"https:\/\/i0.wp.com\/golfarundel.com\/wp-content\/uploads\/2025\/01\/2024-05-19-Golf-Arundel-1030.jpg?resize=1024%2C683&amp;ssl=1 1024w, https:\/\/i0.wp.com\/golfarundel.com\/wp-content\/uploads\/2025\/01\/2024-05-19-Golf-Arundel-1030.jpg?resize=300%2C200&amp;ssl=1 300w, https:\/\/i0.wp.com\/golfarundel.com\/wp-content\/uploads\/2025\/01\/2024-05-19-Golf-Arundel-1030.jpg?resize=768%2C512&amp;ssl=1 768w, https:\/\/i0.wp.com\/golfarundel.com\/wp-content\/uploads\/2025\/01\/2024-05-19-Golf-Arundel-1030.jpg?resize=1536%2C1024&amp;ssl=1 1536w, https:\/\/i0.wp.com\/golfarundel.com\/wp-content\/uploads\/2025\/01\/2024-05-19-Golf-Arundel-1030.jpg?resize=2048%2C1366&amp;ssl=1 2048w, https:\/\/i0.wp.com\/golfarundel.com\/wp-content\/uploads\/2025\/01\/2024-05-19-Golf-Arundel-1030.jpg?resize=1200%2C800&amp;ssl=1 1200w, https:\/\/i0.wp.com\/golfarundel.com\/wp-content\/uploads\/2025\/01\/2024-05-19-Golf-Arundel-1030.jpg?resize=685%2C457&amp;ssl=1 685w, https:\/\/i0.wp.com\/golfarundel.com\/wp-content\/uploads\/2025\/01\/2024-05-19-Golf-Arundel-1030.jpg?resize=2000%2C1334&amp;ssl=1 2000w, https:\/\/i0.wp.com\/golfarundel.com\/wp-content\/uploads\/2025\/01\/2024-05-19-Golf-Arundel-1030.jpg?resize=342%2C228&amp;ssl=1 342w, https:\/\/i0.wp.com\/golfarundel.com\/wp-content\/uploads\/2025\/01\/2024-05-19-Golf-Arundel-1030.jpg?w=1370&amp;ssl=1 1370w\" sizes=\"auto, (max-width: 685px) 100vw, 685px\" \/><\/figure>\n<\/div><\/div>\n<\/div>\n\n<div style=\"height:100px\" aria-hidden=\"true\" class=\"wp-block-spacer\"><\/div>\n\n<div style=\"height:100px\" aria-hidden=\"true\" class=\"wp-block-spacer\"><\/div>\n\n<div class=\"wp-block-cover alignfull has-parallax\" style=\"min-height:600px;aspect-ratio:unset;\"><span aria-hidden=\"true\" class=\"wp-block-cover__background has-background-dim-0 has-background-dim\" style=\"background-color:#7b8755\"><\/span><div class=\"wp-block-cover__image-background wp-image-7995 has-parallax\" style=\"background-position:50% 50%;background-image:url(https:\/\/golfarundel.com\/wp-content\/uploads\/2025\/01\/2024-05-20-Golf-Arundel-2072-e1738092851265.jpg)\"><\/div><div class=\"wp-block-cover__inner-container is-layout-flow wp-block-cover-is-layout-flow\">\n<p class=\"has-text-align-center has-large-font-size\"><\/p>\n<\/div><\/div>\n\n<div style=\"height:100px\" aria-hidden=\"true\" class=\"wp-block-spacer\"><\/div>\n","protected":false},"excerpt":{"rendered":"<p>Mini tournoi du lundi \u00cates-vous un adepte du \u00ab\u00a0plaisir et de l&rsquo;excitation garantis\u00a0\u00bb ? Rejoignez-nous ensuite le lundi soir pour le \u00a0\u00bbmini-tournoi de Vegas\u00a0\u00bb au Arundel Golf Club ! &#8211; Format \u00a0\u00bb9 et d\u00eener\u00a0\u00bb.&#8211; \u00c9quipes de 2 (form\u00e9es sur place de mani\u00e8re \u00e9quitable)&#8211; Meilleure balle et syst\u00e8me de pointage&#8211; D\u00eener servi \u00e0 20:00 (BBQ \u00e0 &hellip; <a href=\"https:\/\/golfarundel.com\/fr\/evenements\/\" class=\"more-link\">Lire la suite <span class=\"screen-reader-text\">\u00c9v\u00e9nements<\/span><\/a><\/p>\n","protected":false},"author":212013339,"featured_media":0,"parent":0,"menu_order":0,"comment_status":"closed","ping_status":"closed","template":"","meta":{"advanced_seo_description":"","jetpack_seo_html_title":"","jetpack_seo_noindex":false,"footnotes":""},"class_list":["post-7776","page","type-page","status-publish","hentry"],"featured_image_src":null,"jetpack_likes_enabled":true,"jetpack_sharing_enabled":true,"jetpack_shortlink":"https:\/\/wp.me\/PdA09l-21q","_links":{"self":[{"href":"https:\/\/golfarundel.com\/fr\/wp-json\/wp\/v2\/pages\/7776","targetHints":{"allow":["GET"]}}],"collection":[{"href":"https:\/\/golfarundel.com\/fr\/wp-json\/wp\/v2\/pages"}],"about":[{"href":"https:\/\/golfarundel.com\/fr\/wp-json\/wp\/v2\/types\/page"}],"author":[{"embeddable":true,"href":"https:\/\/golfarundel.com\/fr\/wp-json\/wp\/v2\/users\/212013339"}],"replies":[{"embeddable":true,"href":"https:\/\/golfarundel.com\/fr\/wp-json\/wp\/v2\/comments?post=7776"}],"version-history":[{"count":3,"href":"https:\/\/golfarundel.com\/fr\/wp-json\/wp\/v2\/pages\/7776\/revisions"}],"predecessor-version":[{"id":7998,"href":"https:\/\/golfarundel.com\/fr\/wp-json\/wp\/v2\/pages\/7776\/revisions\/7998"}],"wp:attachment":[{"href":"https:\/\/golfarundel.com\/fr\/wp-json\/wp\/v2\/media?parent=7776"}],"curies":[{"name":"wp","href":"https:\/\/api.w.org\/{rel}","templated":true}]}}